{"id":32,"date":"2026-04-14T14:16:25","date_gmt":"2026-04-14T13:16:25","guid":{"rendered":"https:\/\/www.teatrolila.nl\/wordpress\/?page_id=32"},"modified":"2026-04-15T01:09:22","modified_gmt":"2026-04-15T00:09:22","slug":"","status":"publish","type":"page","link":"https:\/\/www.teatrolila.nl\/nl\/il-gusto-delle-arance\/poetesse\/","title":{"rendered":"","raw":""},"content":{"rendered":"","protected":false,"raw":""},"excerpt":{"rendered":"","protected":false,"raw":""},"author":1,"featured_media":0,"parent":11,"menu_order":0,"comment_status":"closed","ping_status":"closed","template":"","meta":{"_en_post_content":"","_en_post_name":"","_en_post_excerpt":"","_en_post_title":"","_it_post_content":"[pagelist child_of=\"current\" sort_column=\"menu_order\"]\r\n\r\n<strong>Antal<\/strong>\r\n\r\nAntal visse a Villiputtur nel Sud dell\u2019India alla met\u00e0 del IX secolo; \u00e8 l\u2019unica donna dei 12 alvar (tamil: \u2018immersi [nel Divino]\u2019), poeti e santi della tradizione Vaishnava. La sua nascita \u00e8 incerta ma dai primi anni di vita fu allevata da un altro alvar, Periyalvar Visnucitta, e ricevette un\u2019educazione nella letteratura tamil e sanscrita. Si racconta che, quando espresse il desiderio di sposare il Signore, suo padre organizz\u00f2 per lei una processione matrimoniale in tutti i principali templi di Vishnu, e le agiografie riportano che scomparve immersa nel corpo della statua di Vishnu a cui aveva scelto di unirsi.\r\n\r\n<strong>Beatrice di Nazareth<\/strong>\r\n\r\nBeatrice, nacque vicino a Bruxelles nel XIII secolo e visse prima in una comunit\u00e0 di beghine, poi in vari monasteri cistercensi del Nord Europa fino a diventare priora del monastero di Nostra Signora di Nazareth, vicino Anversa. Tenne un diario in cui descrisse la sua esperienza mistica nei termini di una relazione personale d\u2019amore con Dio.\r\n\r\n<strong>Mirabai<\/strong>\r\n\r\nNata in Rajasthan da una famiglia di nobili Rajput, fu sposata all\u2019erede al trono di Mewar, che mor\u00ec per\u00f2 senza eredi prima di raggiungere il trono. In seguito alle vicissitudini militari dei Rajput e dei musulmani, il trono di Mewar cadde nelle mani di un altro ramo della famiglia, ostile a Mirabai e al suo misticismo. Lasci\u00f2 quindi la corte a 30 anni e viaggi\u00f2 come mendicante errante, cantando i suoi inni d\u2019amore.\r\n\r\n<strong>Matilde di Magdeburgo<\/strong>\r\n\r\nVissuta nel Germania del Nord del XIII secolo come beghina, scrisse canti d\u2019amore e di esperienze spirituali, nonostante gli aspri criticismi e persecuzioni cui erano sottoposte le donne che al tempo osavano interessarsi di questioni spirituali.\r\n\r\n<strong>Rabia al-adawiyya<\/strong>\r\n\r\nRabi'a al-adawiyya visse a Basra, in Iraq, nella seconda parte dell\u2019VIII secolo. Alla morte dei suoi genitori fu venduta come schiava ma in seguito liberata, non si spos\u00f2 mai e visse da asceta incontrando le maggiori figure religiose del suo tempo. Nonostante sia sempre rimasta legata all\u2019ortodossia musulmana, Rabi'a rappresenta una di quelle che figure che si sono allontanate da un\u2019enfasi sul rituale per concentrarsi completamente su Allah e sulla ricerca dell\u2019amore per lui.\r\n\r\n<strong>Margherita Porete<\/strong>\r\n\r\nVisse a cavallo tra il XIII e il XIV secolo in Belgio. Il suo libro, Specchio delle anime semplici, fu condannato dal vescovo di Cambrai e bruciato pubblicamente e nel 1310 21 teologi giudicarono alcuni passaggi del suo libro come eretici. Rifiutatasi di comparire davanti alla corte per giurare di dire la verit\u00e0, Margherita fu condannata come eretica e bruciata al rogo.\r\n\r\n<strong>Angela da Foligno<\/strong>\r\n\r\nDonna sposata con figli, in breve tempo visse una profonda conversione. In un pellegrinaggio comunitario, usc\u00ec dalla Chiesa di San Francesco in Assisi con parole che inneggiavano all\u2019Amore; da l\u00ec cominciarono per sei anni i suoi dialoghi con un frate minore che riport\u00f2 le sue esperienze mistiche in un diario, nato inizialmente come inchiesta sulla sanit\u00e0 mentale di Angela. Mor\u00ec nel 1309.\r\n\r\n<strong>Lalla Ded<\/strong>\r\n\r\nLalleshwari, chiamata anche Lalla o Lal Ded, nasce nel 1355 da una famiglia bramina nella regione del Kashmir, in un periodo in cui nella regione convivevano gli insegnamenti di devoti di Shiva e devoti di Vishnu, sufi islamici e tantrismo buddista. Lalla abbandona un matrimonio infelice per scegliere la vita della yogini errante, cantando i suoi vakhs (poemi) nel perseguimento dell\u2019amore per Shiva.\r\n\r\n<strong>Hadewijch d\u2019Anversa<\/strong>\r\n\r\nForse una beghina, visse in una comunit\u00e0 religiosa in Olanda nel XIII secolo. Fu in seguito criticata per il suo comportamento e dovette abbandonare la comunit\u00e0. Per il desiderio di mantenere contatto con le donne di cui si era presa cura, scrisse della sua disciplina e della sua esperienza di amore divino.\r\n\r\n<strong>Zelda<\/strong>\r\n\r\nPoetessa israeliana del XX secolo, figlia e nipote di grandi rabbini. Visse la maggior parte della sua vita a Gerusalemme, nella rigorosa ortodossia hassidica. Descrive la sua esperienza mistica in un linguaggio insieme sensuale e spirituale.\r\n\r\n<strong>Karaikkal Ammaiyar<\/strong>\r\n\r\nVissuta nel VI secolo in Tamil Nadu, grande devota di Shiva, \u00e8 l\u2019unica donna dei sessantatre nayanmar, santi poeti della tradizione shivaita. La tradizione racconta che era una donna bellissima e che scomparve dalla terra dopo aver chiesto a Shiva di liberarla dal fardello del corpo per poterlo vedere danzare in eterno. Al suo posto fu trovata una statua di legno, di cui esemplari si trovano ancora oggi nei templi shivati del Sud dell\u2019India","_it_post_name":"poetesse","_it_post_excerpt":"","_it_post_title":"Poetesse","_nl_post_content":"","_nl_post_name":"","_nl_post_excerpt":"","_nl_post_title":"","edit_language":"nl","_vp_format_video_url":"","_vp_image_focal_point":[],"footnotes":""},"tags":[3],"class_list":["post-32","page","type-page","status-publish","hentry","tag-il-gusto-delle-arance"],"_links":{"self":[{"href":"https:\/\/www.teatrolila.nl\/nl\/wp-json\/wp\/v2\/pages\/32","targetHints":{"allow":["GET"]}}],"collection":[{"href":"https:\/\/www.teatrolila.nl\/nl\/wp-json\/wp\/v2\/pages"}],"about":[{"href":"https:\/\/www.teatrolila.nl\/nl\/wp-json\/wp\/v2\/types\/page"}],"author":[{"embeddable":true,"href":"https:\/\/www.teatrolila.nl\/nl\/wp-json\/wp\/v2\/users\/1"}],"replies":[{"embeddable":true,"href":"https:\/\/www.teatrolila.nl\/nl\/wp-json\/wp\/v2\/comments?post=32"}],"version-history":[{"count":2,"href":"https:\/\/www.teatrolila.nl\/nl\/wp-json\/wp\/v2\/pages\/32\/revisions"}],"predecessor-version":[{"id":181,"href":"https:\/\/www.teatrolila.nl\/nl\/wp-json\/wp\/v2\/pages\/32\/revisions\/181"}],"up":[{"embeddable":true,"href":"https:\/\/www.teatrolila.nl\/nl\/wp-json\/wp\/v2\/pages\/11"}],"wp:attachment":[{"href":"https:\/\/www.teatrolila.nl\/nl\/wp-json\/wp\/v2\/media?parent=32"}],"wp:term":[{"taxonomy":"post_tag","embeddable":true,"href":"https:\/\/www.teatrolila.nl\/nl\/wp-json\/wp\/v2\/tags?post=32"}],"curies":[{"name":"wp","href":"https:\/\/api.w.org\/{rel}","templated":true}]}}